{"id":2065,"date":"2019-04-19T10:17:49","date_gmt":"2019-04-19T10:17:49","guid":{"rendered":"https:\/\/robaczek639.nazwa.pl\/?page_id=2"},"modified":"2024-03-08T09:54:04","modified_gmt":"2024-03-08T09:54:04","slug":"home","status":"publish","type":"page","link":"https:\/\/reshka.pl\/?page_id=2065","title":{"rendered":"O mnie"},"content":{"rendered":"<div id=\"omnie\"><div class=\"fusion-fullwidth fullwidth-box fusion-builder-row-1 fusion-flex-container nonhundred-percent-fullwidth non-hundred-percent-height-scrolling\" style=\"background-color: #ffffff;background-position: center center;background-repeat: no-repeat;border-width: 0px 0px 0px 0px;border-color:#eae9e9;border-style:solid;\" ><div class=\"fusion-builder-row fusion-row fusion-flex-align-items-flex-start\" style=\"max-width:1248;margin-left: calc(-4% \/ 2 );margin-right: calc(-4% \/ 2 );\"><div class=\"fusion-layout-column fusion_builder_column fusion-builder-column-0 fusion_builder_column_1_1 1_1 fusion-flex-column\"><div class=\"fusion-column-wrapper fusion-flex-justify-content-flex-start fusion-content-layout-column\" style=\"background-position:left top;background-repeat:no-repeat;-webkit-background-size:cover;-moz-background-size:cover;-o-background-size:cover;background-size:cover;padding: 0px 0px 0px 0px;\"><style type=\"text\/css\">@media only screen and (max-width:1024px) {.fusion-title.fusion-title-1{margin-top:30px!important; margin-right:0px!important;margin-bottom:20px!important;margin-left:0px!important;}}@media only screen and (max-width:640px) {.fusion-title.fusion-title-1{margin-top:20px!important; margin-right:0px!important;margin-bottom:10px!important; margin-left:0px!important;}}<\/style><div class=\"fusion-title title fusion-title-1 fusion-sep-none fusion-title-text fusion-title-size-one\" style=\"margin-top:30px;margin-right:0px;margin-bottom:20px;margin-left:0px;\"><h1 class=\"title-heading-left fusion-responsive-typography-calculated\" style=\"margin:0;--fontSize:72;line-height:1.18;\"><p style=\"text-align: right;\">Dzie\u0144 dobry!<\/p><\/h1><\/div><div class=\"fusion-text fusion-text-1\"><p>Jeste\u015b w odpowiednim miejscu je\u015bli szukasz specjalisty od reklamy internetowej. Od 2014 roku jako specjalista Google AdWords i kampanii reklamowych na Facebooku oraz Instagramie, pomagam markom rozwija\u0107 ich obecno\u015b\u0107 online i osi\u0105ga\u0107 konkretne wyniki.<\/p>\n<p>Przez te lata zgromadzi\u0142em zacne grono klient\u00f3w z wielu bran\u017c, w tym tak uznane marki\u00a0 jak Hotel Zamek Ryn, Folwark \u0141\u0119kuk, Villa Pallas, Pomog\u0119 Ci Sp. z o.o., Folmaren, Foldekor, Phone Zone, Makana i wielu innych. Ka\u017cda z tych wsp\u00f3\u0142prac jest warto\u015bciowa, poniewa\u017c daje mi szeroki przegl\u0105d narz\u0119dzi kt\u00f3re sprawdzaj\u0105 si\u0119 w konkretnych problemach. Ka\u017cda ma zupe\u0142nie inne potrzeby i narz\u0119dzia, kt\u00f3re warto u\u017cy\u0107 w r\u00f3\u017cnych sytuacjach s\u0105 zupe\u0142nie r\u00f3\u017cne. Pog\u0142\u0119bienie wiedzy i umiej\u0119tno\u015bci w zakresie tworzenia skutecznych kampanii reklamowych, kt\u00f3re przek\u0142adaj\u0105 si\u0119 na realne korzy\u015bci dla moich klient\u00f3w to proces ci\u0105g\u0142y i wieloletnie do\u015bwiadczenie daje mi podstawy aby m\u00f3wi\u0107 o sobie jako specjali\u015bcie od reklamy internetowej.<\/p>\n<p>M\u00f3j cel? Pom\u00f3c Twojej marce zaistnie\u0107 w \u015bwiecie cyfrowym, zwi\u0119kszy\u0107 jej widoczno\u015b\u0107 i przyci\u0105gn\u0105\u0107 nowych klient\u00f3w. Dzi\u0119ki mojemu\u00a0 Twoja firma mo\u017ce da\u0107 si\u0119 odnale\u017a\u0107 nowym klientom.<\/p>\n<p>Skontaktuj si\u0119 ze mn\u0105, aby dowiedzie\u0107 si\u0119, jak mog\u0119 pom\u00f3c rozwin\u0105\u0107 Twoj\u0105 mark\u0119 w cyfrowym \u015bwiecie! Najpro\u015bciej napisz do mnie na czacie, pogadajmy i przekonajmy si\u0119 jakie kierunki mo\u017cna obra\u0107 w Twoim przypadku.<\/p>\n<\/div><\/div><style type=\"text\/css\">.fusion-body .fusion-builder-column-0{width:100% !important;margin-top : 20px;margin-bottom : 20px;}.fusion-builder-column-0 > .fusion-column-wrapper {padding-top : 0px !important;padding-right : 0px !important;margin-right : 1.92%;padding-bottom : 0px !important;padding-left : 0px !important;margin-left : 1.92%;}@media only screen and (max-width:1024px) {.fusion-body .fusion-builder-column-0{width:100% !important;order : 0;}.fusion-builder-column-0 > .fusion-column-wrapper {margin-right : 1.92%;margin-left : 1.92%;}}@media only screen and (max-width:640px) {.fusion-body .fusion-builder-column-0{width:100% !important;order : 0;margin-top : 80px;}.fusion-builder-column-0 > .fusion-column-wrapper {margin-right : 1.92%;margin-left : 1.92%;}}<\/style><\/div><div class=\"fusion-layout-column fusion_builder_column fusion-builder-column-1 fusion_builder_column_1_3 1_3 fusion-flex-column\"><div class=\"fusion-column-wrapper fusion-flex-justify-content-flex-start fusion-content-layout-column\" style=\"background-position:left top;background-repeat:no-repeat;-webkit-background-size:cover;-moz-background-size:cover;-o-background-size:cover;background-size:cover;padding: 2% 0px 0px 0px;\"><style type=\"text\/css\">@media only screen and (max-width:1024px) {.fusion-title.fusion-title-2{margin-top:30px!important; margin-right:0px!important;margin-bottom:20px!important;margin-left:0px!important;}}@media only screen and (max-width:640px) {.fusion-title.fusion-title-2{margin-top:20px!important; margin-right:0px!important;margin-bottom:10px!important; margin-left:0px!important;}}<\/style><div class=\"fusion-title title fusion-title-2 fusion-sep-none fusion-title-text fusion-title-size-one\" style=\"margin-top:30px;margin-right:0px;margin-bottom:20px;margin-left:0px;\"><h1 class=\"title-heading-left fusion-responsive-typography-calculated\" style=\"margin:0;--fontSize:72;line-height:1.18;\"><p style=\"text-align: left;\">Zaufali mi<\/p><\/h1><\/div><\/div><style type=\"text\/css\">.fusion-body .fusion-builder-column-1{width:33.333333333333% !important;margin-top : 20px;margin-bottom : 20px;}.fusion-builder-column-1 > .fusion-column-wrapper {padding-top : 2% !important;padding-right : 0px !important;margin-right : 5.76%;padding-bottom : 0px !important;padding-left : 0px !important;margin-left : 5.76%;}@media only screen and (max-width:1024px) {.fusion-body .fusion-builder-column-1{width:100% !important;order : 0;}.fusion-builder-column-1 > .fusion-column-wrapper {margin-right : 1.92%;margin-left : 1.92%;}}@media only screen and (max-width:640px) {.fusion-body .fusion-builder-column-1{width:100% !important;order : 0;}.fusion-builder-column-1 > .fusion-column-wrapper {margin-right : 1.92%;margin-left : 1.92%;}}<\/style><\/div><div class=\"fusion-layout-column fusion_builder_column fusion-builder-column-2 fusion_builder_column_2_3 2_3 fusion-flex-column\"><div class=\"fusion-column-wrapper fusion-flex-justify-content-flex-start fusion-content-layout-column\" style=\"background-position:left top;background-repeat:no-repeat;-webkit-background-size:cover;-moz-background-size:cover;-o-background-size:cover;background-size:cover;padding: 0px 0px 0px 0px;\"><style id=\"sp_lcp_dynamic_css2635\">div#logo-carousel-free-2635.logo-carousel-free .sp-lc-logo{border: 0px none #dddddd;border-radius: 0px;overflow: hidden;}div#logo-carousel-free-2635.logo-carousel-free .sp-lc-logo:hover{border-color: #16a08b;}#logo-carousel-free-2635.sp-lc-container .sp-lc-pagination .swiper-pagination-bullet {background-color: #dddddd;margin: 0 4px;}#logo-carousel-free-2635.sp-lc-container .sp-lc-pagination .swiper-pagination-bullet.swiper-pagination-bullet-active{background-color: #001354; }@media only screen and (max-width: 576px) {#logo-carousel-free-2635.sp-lc-container .sp-lc-button-prev,#logo-carousel-free-2635.sp-lc-container .sp-lc-button-next {display: none;}} .logo-carousel-free-area#logo-carousel-free-2635{position: relative;}#lcp-preloader-2635{position: absolute;left: 0;top: 0;height: 100%;width: 100%;text-align: center;display: flex;align-items: center;justify-content: center;background: #fff;z-index: 9999;} .logo-carousel-free-area#logo-carousel-free-2635 .sp-logo-carousel-section-title{margin-bottom: 30px;}@media screen and (min-width: 1200px ){.logo-carousel-free-area#logo-carousel-free-2635 .sp-logo-carousel:not([class*=\"-initialized\"]) > .swiper-wrapper {display: flex;width: calc( 100% + 8px );}.logo-carousel-free-area#logo-carousel-free-2635 .sp-logo-carousel:not([class*=\"-initialized\"]) > .swiper-wrapper > .swiper-slide {width: 12.5%;padding-right: 8px;}}<\/style><div id='logo-carousel-free-2635' class=\"logo-carousel-free logo-carousel-free-area sp-lc-container\"><div id=\"lcp-preloader-2635\" class=\"sp-logo-carousel-preloader\"><img decoding=\"async\" src=\"https:\/\/reshka.pl\/wp-content\/plugins\/logo-carousel-free\/admin\/assets\/images\/spinner.svg\" alt=\"loader-image\"\/><\/div><div id=\"sp-logo-carousel-id-2635\" class=\"swiper-container sp-logo-carousel lcp-preloader\" dir=\"ltr\"  data-carousel='{ \"speed\":600,\"spaceBetween\": 8, \"autoplay\": true, \"infinite\":true, \"autoplay_speed\": 3000, \"stop_onHover\": true, \"pagination\": true, \"navigation\": false, \"MobileNav\": false, \"MobilePagi\": true, \"simulateTouch\": true,\"freeMode\": false,\"swipeToSlide\": false, \"carousel_accessibility\": true,\"adaptiveHeight\": false,\"allowTouchMove\": true, \"slidesPerView\": { \"lg_desktop\": 8, \"desktop\": 5, \"tablet\": 4, \"mobile\": 3, \"mobile_landscape\": 4 } }' data-carousel-starts-onscreen=\"false\"><div class=\"swiper-wrapper\"><div class=\"swiper-slide\"><div class=\"sp-lc-logo\"><img decoding=\"async\" src=\"https:\/\/reshka.pl\/wp-content\/uploads\/2024\/04\/1.png\" title=\"\" alt=\"Pracuj\u0119 dla\" width=\"300\" height=\"236\" class=\"sp-lc-image skip-lazy\"><\/div><\/div><div class=\"swiper-slide\"><div class=\"sp-lc-logo\"><img decoding=\"async\" src=\"https:\/\/reshka.pl\/wp-content\/uploads\/2024\/04\/2.png\" title=\"\" alt=\"\" width=\"300\" height=\"236\" class=\"sp-lc-image skip-lazy\"><\/div><\/div><div class=\"swiper-slide\"><div class=\"sp-lc-logo\"><img decoding=\"async\" src=\"https:\/\/reshka.pl\/wp-content\/uploads\/2024\/04\/3.png\" title=\"\" alt=\"\" width=\"300\" height=\"236\" class=\"sp-lc-image skip-lazy\"><\/div><\/div><div class=\"swiper-slide\"><div class=\"sp-lc-logo\"><img decoding=\"async\" src=\"https:\/\/reshka.pl\/wp-content\/uploads\/2024\/04\/4.png\" title=\"\" alt=\"\" width=\"300\" height=\"236\" class=\"sp-lc-image skip-lazy\"><\/div><\/div><div class=\"swiper-slide\"><div class=\"sp-lc-logo\"><img decoding=\"async\" src=\"https:\/\/reshka.pl\/wp-content\/uploads\/2024\/04\/5.png\" title=\"\" alt=\"\" width=\"300\" height=\"236\" class=\"sp-lc-image skip-lazy\"><\/div><\/div><div class=\"swiper-slide\"><div class=\"sp-lc-logo\"><img decoding=\"async\" src=\"https:\/\/reshka.pl\/wp-content\/uploads\/2024\/04\/6.png\" title=\"\" alt=\"\" width=\"300\" height=\"236\" class=\"sp-lc-image skip-lazy\"><\/div><\/div><div class=\"swiper-slide\"><div class=\"sp-lc-logo\"><img decoding=\"async\" src=\"https:\/\/reshka.pl\/wp-content\/uploads\/2024\/04\/7.png\" title=\"\" alt=\"\" width=\"300\" height=\"236\" class=\"sp-lc-image skip-lazy\"><\/div><\/div><div class=\"swiper-slide\"><div class=\"sp-lc-logo\"><img decoding=\"async\" src=\"https:\/\/reshka.pl\/wp-content\/uploads\/2024\/04\/8.png\" title=\"\" alt=\"\" width=\"300\" height=\"236\" class=\"sp-lc-image skip-lazy\"><\/div><\/div><\/div><div class=\"sp-lc-pagination swiper-pagination dots\"><\/div><\/div><\/div><\/div><style type=\"text\/css\">.fusion-body .fusion-builder-column-2{width:66.666666666667% !important;margin-top : 20px;margin-bottom : 20px;}.fusion-builder-column-2 > .fusion-column-wrapper {padding-top : 0px !important;padding-right : 0px !important;margin-right : 2.88%;padding-bottom : 0px !important;padding-left : 0px !important;margin-left : 2.88%;}@media only screen and (max-width:1024px) {.fusion-body .fusion-builder-column-2{width:100% !important;order : 0;}.fusion-builder-column-2 > .fusion-column-wrapper {margin-right : 1.92%;margin-left : 1.92%;}}@media only screen and (max-width:640px) {.fusion-body .fusion-builder-column-2{width:100% !important;order : 0;}.fusion-builder-column-2 > .fusion-column-wrapper {margin-right : 1.92%;margin-left : 1.92%;}}<\/style><\/div><div class=\"fusion-layout-column fusion_builder_column fusion-builder-column-3 fusion_builder_column_1_3 1_3 fusion-flex-column\"><div class=\"fusion-column-wrapper fusion-flex-justify-content-flex-start fusion-content-layout-column\" style=\"background-position:left top;background-repeat:no-repeat;-webkit-background-size:cover;-moz-background-size:cover;-o-background-size:cover;background-size:cover;padding: 0px 0px 0px 0px;\"><div ><a class=\"fusion-button button-flat fusion-button-default-size button-lightgray button-1 fusion-button-default-span fusion-button-default-type fusion-no-small-visibility fusion-no-medium-visibility\" target=\"_self\" href=\"tel:+48667910122\" style=\"margin-top:5%;\"><span class=\"fusion-button-text\">ZADZWO\u0143<\/span><\/a><\/div><\/div><style type=\"text\/css\">.fusion-body .fusion-builder-column-3{width:33.333333333333% !important;margin-top : 3%;margin-bottom : 20px;}.fusion-builder-column-3 > .fusion-column-wrapper {padding-top : 0px !important;padding-right : 0px !important;margin-right : 5.76%;padding-bottom : 0px !important;padding-left : 0px !important;margin-left : 5.76%;}@media only screen and (max-width:1024px) {.fusion-body .fusion-builder-column-3{width:100% !important;order : 0;}.fusion-builder-column-3 > .fusion-column-wrapper {margin-right : 1.92%;margin-left : 1.92%;}}@media only screen and (max-width:640px) {.fusion-body .fusion-builder-column-3{width:100% !important;order : 0;}.fusion-builder-column-3 > .fusion-column-wrapper {margin-right : 1.92%;margin-left : 1.92%;}}<\/style><\/div><div class=\"fusion-layout-column fusion_builder_column fusion-builder-column-4 fusion_builder_column_2_3 2_3 fusion-flex-column\"><div class=\"fusion-column-wrapper fusion-flex-justify-content-flex-start fusion-content-layout-column\" style=\"background-position:left top;background-repeat:no-repeat;-webkit-background-size:cover;-moz-background-size:cover;-o-background-size:cover;background-size:cover;padding: 0px 0px 0px 0px;\"><style type=\"text\/css\">@media only screen and (max-width:1024px) {.fusion-title.fusion-title-3{margin-top:30px!important; margin-right:0px!important;margin-bottom:20px!important;margin-left:0px!important;}}@media only screen and (max-width:640px) {.fusion-title.fusion-title-3{margin-top:20px!important; margin-right:0px!important;margin-bottom:10px!important; margin-left:0px!important;}}<\/style><div class=\"fusion-title title fusion-title-3 fusion-sep-none fusion-title-text fusion-title-size-two\" style=\"margin-top:30px;margin-right:0px;margin-bottom:20px;margin-left:0px;\"><h2 class=\"title-heading-left fusion-responsive-typography-calculated\" style=\"margin:0;--fontSize:60;line-height:1.18;\"><p style=\"text-align: right;\"><a href=\"tel:+48667910122\">+48 667910122<\/a><\/p><\/h2><\/div><\/div><style type=\"text\/css\">.fusion-body .fusion-builder-column-4{width:66.666666666667% !important;margin-top : 20px;margin-bottom : 20px;}.fusion-builder-column-4 > .fusion-column-wrapper {padding-top : 0px !important;padding-right : 0px !important;margin-right : 2.88%;padding-bottom : 0px !important;padding-left : 0px !important;margin-left : 2.88%;}@media only screen and (max-width:1024px) {.fusion-body .fusion-builder-column-4{width:100% !important;order : 0;}.fusion-builder-column-4 > .fusion-column-wrapper {margin-right : 1.92%;margin-left : 1.92%;}}@media only screen and (max-width:640px) {.fusion-body .fusion-builder-column-4{width:100% !important;order : 0;}.fusion-builder-column-4 > .fusion-column-wrapper {margin-right : 1.92%;margin-left : 1.92%;}}<\/style><\/div><div class=\"fusion-layout-column fusion_builder_column fusion-builder-column-5 fusion_builder_column_1_1 1_1 fusion-flex-column\"><div class=\"fusion-column-wrapper fusion-flex-justify-content-flex-start fusion-content-layout-column\" style=\"background-position:left top;background-repeat:no-repeat;-webkit-background-size:cover;-moz-background-size:cover;-o-background-size:cover;background-size:cover;padding: 0px 0px 0px 0px;\">[contact-form-7 id=&#8221;2192&#8243; \/]<\/div><style type=\"text\/css\">.fusion-body .fusion-builder-column-5{width:100% !important;margin-top : 20px;margin-bottom : 20px;}.fusion-builder-column-5 > .fusion-column-wrapper {padding-top : 0px !important;padding-right : 0px !important;margin-right : 1.92%;padding-bottom : 0px !important;padding-left : 0px !important;margin-left : 1.92%;}@media only screen and (max-width:1024px) {.fusion-body .fusion-builder-column-5{width:100% !important;order : 0;}.fusion-builder-column-5 > .fusion-column-wrapper {margin-right : 1.92%;margin-left : 1.92%;}}@media only screen and (max-width:640px) {.fusion-body .fusion-builder-column-5{width:100% !important;order : 0;}.fusion-builder-column-5 > .fusion-column-wrapper {margin-right : 1.92%;margin-left : 1.92%;}}<\/style><\/div><\/div><style type=\"text\/css\">.fusion-body .fusion-flex-container.fusion-builder-row-1{ padding-top : 0px;margin-top : 0px;padding-right : 0px;padding-bottom : 0px;margin-bottom : 0px;padding-left : 0px;}<\/style><\/div><\/div>\n","protected":false},"excerpt":{"rendered":"","protected":false},"author":1,"featured_media":0,"parent":0,"menu_order":0,"comment_status":"closed","ping_status":"closed","template":"100-width.php","meta":{"footnotes":""},"class_list":["post-2065","page","type-page","status-publish","hentry"],"_links":{"self":[{"href":"https:\/\/reshka.pl\/index.php?rest_route=\/wp\/v2\/pages\/2065","targetHints":{"allow":["GET"]}}],"collection":[{"href":"https:\/\/reshka.pl\/index.php?rest_route=\/wp\/v2\/pages"}],"about":[{"href":"https:\/\/reshka.pl\/index.php?rest_route=\/wp\/v2\/types\/page"}],"author":[{"embeddable":true,"href":"https:\/\/reshka.pl\/index.php?rest_route=\/wp\/v2\/users\/1"}],"replies":[{"embeddable":true,"href":"https:\/\/reshka.pl\/index.php?rest_route=%2Fwp%2Fv2%2Fcomments&post=2065"}],"version-history":[{"count":133,"href":"https:\/\/reshka.pl\/index.php?rest_route=\/wp\/v2\/pages\/2065\/revisions"}],"predecessor-version":[{"id":2689,"href":"https:\/\/reshka.pl\/index.php?rest_route=\/wp\/v2\/pages\/2065\/revisions\/2689"}],"wp:attachment":[{"href":"https:\/\/reshka.pl\/index.php?rest_route=%2Fwp%2Fv2%2Fmedia&parent=2065"}],"curies":[{"name":"wp","href":"https:\/\/api.w.org\/{rel}","templated":true}]}}